{"id":8679,"date":"2023-05-04T15:57:14","date_gmt":"2023-05-04T13:57:14","guid":{"rendered":"https:\/\/lapresencia-criollos.com\/impressum\/"},"modified":"2024-08-29T10:59:54","modified_gmt":"2024-08-29T08:59:54","slug":"impressum","status":"publish","type":"page","link":"https:\/\/lapresencia-criollos.com\/fr\/impressum\/","title":{"rendered":"Impressum"},"content":{"rendered":"[vc_row type=\u00a0\u00bbin_container\u00a0\u00bb full_screen_row_position=\u00a0\u00bbmiddle\u00a0\u00bb column_margin=\u00a0\u00bbdefault\u00a0\u00bb column_direction=\u00a0\u00bbdefault\u00a0\u00bb column_direction_tablet=\u00a0\u00bbdefault\u00a0\u00bb column_direction_phone=\u00a0\u00bbdefault\u00a0\u00bb scene_position=\u00a0\u00bbcenter\u00a0\u00bb text_color=\u00a0\u00bbdark\u00a0\u00bb text_align=\u00a0\u00bbleft\u00a0\u00bb row_border_radius=\u00a0\u00bbnone\u00a0\u00bb row_border_radius_applies=\u00a0\u00bbbg\u00a0\u00bb overflow=\u00a0\u00bbvisible\u00a0\u00bb overlay_strength=\u00a0\u00bb0.3&Prime; gradient_direction=\u00a0\u00bbleft_to_right\u00a0\u00bb shape_divider_position=\u00a0\u00bbbottom\u00a0\u00bb bg_image_animation=\u00a0\u00bbnone\u00a0\u00bb][vc_column column_padding=\u00a0\u00bbno-extra-padding\u00a0\u00bb column_padding_tablet=\u00a0\u00bbinherit\u00a0\u00bb column_padding_phone=\u00a0\u00bbinherit\u00a0\u00bb column_padding_position=\u00a0\u00bball\u00a0\u00bb column_element_direction_desktop=\u00a0\u00bbdefault\u00a0\u00bb column_element_spacing=\u00a0\u00bbdefault\u00a0\u00bb desktop_text_alignment=\u00a0\u00bbdefault\u00a0\u00bb tablet_text_alignment=\u00a0\u00bbdefault\u00a0\u00bb phone_text_alignment=\u00a0\u00bbdefault\u00a0\u00bb background_color_opacity=\u00a0\u00bb1&Prime; background_hover_color_opacity=\u00a0\u00bb1&Prime; column_backdrop_filter=\u00a0\u00bbnone\u00a0\u00bb column_shadow=\u00a0\u00bbnone\u00a0\u00bb column_border_radius=\u00a0\u00bbnone\u00a0\u00bb column_link_target=\u00a0\u00bb_self\u00a0\u00bb column_position=\u00a0\u00bbdefault\u00a0\u00bb gradient_direction=\u00a0\u00bbleft_to_right\u00a0\u00bb overlay_strength=\u00a0\u00bb0.3&Prime; width=\u00a0\u00bb1\/4&Prime; tablet_width_inherit=\u00a0\u00bbdefault\u00a0\u00bb animation_type=\u00a0\u00bbdefault\u00a0\u00bb bg_image_animation=\u00a0\u00bbnone\u00a0\u00bb border_type=\u00a0\u00bbsimple\u00a0\u00bb column_border_width=\u00a0\u00bbnone\u00a0\u00bb column_border_style=\u00a0\u00bbsolid\u00a0\u00bb][\/vc_column][vc_column column_padding=\u00a0\u00bbno-extra-padding\u00a0\u00bb column_padding_tablet=\u00a0\u00bbinherit\u00a0\u00bb column_padding_phone=\u00a0\u00bbinherit\u00a0\u00bb column_padding_position=\u00a0\u00bball\u00a0\u00bb column_element_direction_desktop=\u00a0\u00bbdefault\u00a0\u00bb column_element_spacing=\u00a0\u00bbdefault\u00a0\u00bb desktop_text_alignment=\u00a0\u00bbdefault\u00a0\u00bb tablet_text_alignment=\u00a0\u00bbdefault\u00a0\u00bb phone_text_alignment=\u00a0\u00bbdefault\u00a0\u00bb background_color_opacity=\u00a0\u00bb1&Prime; background_hover_color_opacity=\u00a0\u00bb1&Prime; column_backdrop_filter=\u00a0\u00bbnone\u00a0\u00bb column_shadow=\u00a0\u00bbnone\u00a0\u00bb column_border_radius=\u00a0\u00bbnone\u00a0\u00bb column_link_target=\u00a0\u00bb_self\u00a0\u00bb column_position=\u00a0\u00bbdefault\u00a0\u00bb gradient_direction=\u00a0\u00bbleft_to_right\u00a0\u00bb overlay_strength=\u00a0\u00bb0.3&Prime; width=\u00a0\u00bb1\/2&Prime; tablet_width_inherit=\u00a0\u00bbdefault\u00a0\u00bb animation_type=\u00a0\u00bbdefault\u00a0\u00bb bg_image_animation=\u00a0\u00bbnone\u00a0\u00bb border_type=\u00a0\u00bbsimple\u00a0\u00bb column_border_width=\u00a0\u00bbnone\u00a0\u00bb column_border_style=\u00a0\u00bbsolid\u00a0\u00bb][vc_column_text css=\u00a0\u00bb\u00a0\u00bb text_direction=\u00a0\u00bbdefault\u00a0\u00bb]\n<h1>Impressum \/ Mentions l\u00e9gales<\/h1>\n<h2>Informations selon \u00a7 5 TMG<\/h2>\n<p>Jasmin Brand<br \/>\nLa Presencia Criollos<br \/>\nHaras | Pension &amp; \u00c9levage<br \/>\nKreuzdelle 8<br \/>\n63872 Heimbuchenthal<br \/>\nAllemagne \/ Bavi\u00e8re<\/p>\n<h2>Contact<\/h2>\n<p>T\u00e9l\u00e9phone : +49 171 236 3623<br \/>\nCourrier \u00e9lectronique : kontakt@lapresencia-criollos.com<\/p>\n<h2>Num\u00e9ro d&rsquo;identification de la taxe sur le chiffre d&rsquo;affaires<\/h2>\n<p>Num\u00e9ro d&rsquo;identification de la taxe sur le chiffre d&rsquo;affaires conform\u00e9ment au \u00a7 27 a de la loi sur la taxe sur le chiffre d&rsquo;affaires :<br \/>\nDE 326 553 955<\/p>\n<h2>Responsable de la r\u00e9daction<\/h2>\n<p>Jasmin Brand<\/p>\n<h2>R\u00e8glement des litiges de l&rsquo;UE<\/h2>\n<p>La Commission europ\u00e9enne met \u00e0 disposition une plateforme pour le r\u00e8glement en ligne des litiges (OS) : <a href=\"https:\/\/ec.europa.eu\/consumers\/odr\/\" target=\"_blank\" rel=\"noopener\">https:\/\/ec.europa.eu\/consumers\/odr\/<\/a><br \/>\nVous trouverez notre adresse e-mail en haut dans les mentions l\u00e9gales.<\/p>\n<h2>R\u00e8glement des litiges de consommation\/organisme de conciliation universel<\/h2>\n<p>Nous ne sommes pas pr\u00eats ou oblig\u00e9s de participer \u00e0 des proc\u00e9dures de r\u00e8glement des litiges devant un organisme de conciliation des consommateurs.[\/vc_column_text][vc_column_text css=\u00a0\u00bb\u00a0\u00bb text_direction=\u00a0\u00bbdefault\u00a0\u00bb]\n<h3>Cr\u00e9dits photographiques et droits d&rsquo;auteur<\/h3>\n<p>\u00a9 Jasmin Brand et<\/p>\n<p>\u00a9 Lisa Kern<\/p>\n<h3>Webdesign<\/h3>\n<p><a href=\"https:\/\/deschl.com\/\" target=\"_blank\" rel=\"noopener\">artwork deschl schweiz+<\/a>[\/vc_column_text][\/vc_column][vc_column column_padding=\u00a0\u00bbno-extra-padding\u00a0\u00bb column_padding_tablet=\u00a0\u00bbinherit\u00a0\u00bb column_padding_phone=\u00a0\u00bbinherit\u00a0\u00bb column_padding_position=\u00a0\u00bball\u00a0\u00bb column_element_direction_desktop=\u00a0\u00bbdefault\u00a0\u00bb column_element_spacing=\u00a0\u00bbdefault\u00a0\u00bb desktop_text_alignment=\u00a0\u00bbdefault\u00a0\u00bb tablet_text_alignment=\u00a0\u00bbdefault\u00a0\u00bb phone_text_alignment=\u00a0\u00bbdefault\u00a0\u00bb background_color_opacity=\u00a0\u00bb1&Prime; background_hover_color_opacity=\u00a0\u00bb1&Prime; column_backdrop_filter=\u00a0\u00bbnone\u00a0\u00bb column_shadow=\u00a0\u00bbnone\u00a0\u00bb column_border_radius=\u00a0\u00bbnone\u00a0\u00bb column_link_target=\u00a0\u00bb_self\u00a0\u00bb column_position=\u00a0\u00bbdefault\u00a0\u00bb gradient_direction=\u00a0\u00bbleft_to_right\u00a0\u00bb overlay_strength=\u00a0\u00bb0.3&Prime; width=\u00a0\u00bb1\/4&Prime; tablet_width_inherit=\u00a0\u00bbdefault\u00a0\u00bb animation_type=\u00a0\u00bbdefault\u00a0\u00bb bg_image_animation=\u00a0\u00bbnone\u00a0\u00bb border_type=\u00a0\u00bbsimple\u00a0\u00bb column_border_width=\u00a0\u00bbnone\u00a0\u00bb column_border_style=\u00a0\u00bbsolid\u00a0\u00bb][\/vc_column][\/vc_row]\n","protected":false},"excerpt":{"rendered":"<p>[vc_row type=\u00a0\u00bbin_container\u00a0\u00bb full_screen_row_position=\u00a0\u00bbmiddle\u00a0\u00bb column_margin=\u00a0\u00bbdefault\u00a0\u00bb column_direction=\u00a0\u00bbdefault\u00a0\u00bb column_direction_tablet=\u00a0\u00bbdefault\u00a0\u00bb column_direction_phone=\u00a0\u00bbdefault\u00a0\u00bb scene_position=\u00a0\u00bbcenter\u00a0\u00bb text_color=\u00a0\u00bbdark\u00a0\u00bb text_align=\u00a0\u00bbleft\u00a0\u00bb row_border_radius=\u00a0\u00bbnone\u00a0\u00bb row_border_radius_applies=\u00a0\u00bbbg\u00a0\u00bb overflow=\u00a0\u00bbvisible\u00a0\u00bb overlay_strength=\u00a0\u00bb0.3&Prime; gradient_direction=\u00a0\u00bbleft_to_right\u00a0\u00bb shape_divider_position=\u00a0\u00bbbottom\u00a0\u00bb bg_image_animation=\u00a0\u00bbnone\u00a0\u00bb][vc_column column_padding=\u00a0\u00bbno-extra-padding\u00a0\u00bb&#8230;<\/p>\n","protected":false},"author":1,"featured_media":0,"parent":0,"menu_order":0,"comment_status":"closed","ping_status":"closed","template":"","meta":{"footnotes":""},"class_list":["post-8679","page","type-page","status-publish"],"yoast_head":"<!-- This site is optimized with the Yoast SEO plugin v27.2 - https:\/\/yoast.com\/product\/yoast-seo-wordpress\/ -->\n<title>Impressum | La Presencia Criollos<\/title>\n<meta name=\"description\" content=\"Impressum de la page d&#039;accueil de La Presencia Criollos, Haras | Pension &amp; \u00c9levage, propri\u00e9taire Jasmin Brand, Allemagne \/ Bavi\u00e8re\" \/>\n<meta name=\"robots\" content=\"index, follow, max-snippet:-1, max-image-preview:large, max-video-preview:-1\" \/>\n<link rel=\"canonical\" href=\"https:\/\/lapresencia-criollos.com\/fr\/impressum\/\" \/>\n<meta property=\"og:locale\" content=\"fr_FR\" \/>\n<meta property=\"og:type\" content=\"article\" \/>\n<meta property=\"og:title\" content=\"Impressum | La Presencia Criollos\" \/>\n<meta property=\"og:description\" content=\"Impressum de la page d&#039;accueil de La Presencia Criollos, Haras | Pension &amp; \u00c9levage, propri\u00e9taire Jasmin Brand, Allemagne \/ Bavi\u00e8re\" \/>\n<meta property=\"og:url\" content=\"https:\/\/lapresencia-criollos.com\/fr\/impressum\/\" \/>\n<meta property=\"og:site_name\" content=\"La Presencia Criollos\" \/>\n<meta property=\"article:publisher\" content=\"https:\/\/www.facebook.com\/people\/Criollos-La-Presencia\/100063547422222\/\" \/>\n<meta property=\"article:modified_time\" content=\"2024-08-29T08:59:54+00:00\" \/>\n<meta property=\"og:image\" content=\"https:\/\/lapresencia-criollos.com\/wp-content\/uploads\/2023\/01\/La-Princesa2.webp\" \/>\n\t<meta property=\"og:image:width\" content=\"1716\" \/>\n\t<meta property=\"og:image:height\" content=\"1144\" \/>\n\t<meta property=\"og:image:type\" content=\"image\/webp\" \/>\n<meta name=\"twitter:card\" content=\"summary_large_image\" \/>\n<meta name=\"twitter:label1\" content=\"Dur\u00e9e de lecture estim\u00e9e\" \/>\n\t<meta name=\"twitter:data1\" content=\"2 minutes\" \/>\n<script type=\"application\/ld+json\" class=\"yoast-schema-graph\">{\"@context\":\"https:\/\/schema.org\",\"@graph\":[{\"@type\":\"WebPage\",\"@id\":\"https:\/\/lapresencia-criollos.com\/fr\/impressum\/\",\"url\":\"https:\/\/lapresencia-criollos.com\/fr\/impressum\/\",\"name\":\"Impressum | La Presencia Criollos\",\"isPartOf\":{\"@id\":\"https:\/\/lapresencia-criollos.com\/fr\/#website\"},\"datePublished\":\"2023-05-04T13:57:14+00:00\",\"dateModified\":\"2024-08-29T08:59:54+00:00\",\"description\":\"Impressum de la page d'accueil de La Presencia Criollos, Haras | Pension & \u00c9levage, propri\u00e9taire Jasmin Brand, Allemagne \/ Bavi\u00e8re\",\"breadcrumb\":{\"@id\":\"https:\/\/lapresencia-criollos.com\/fr\/impressum\/#breadcrumb\"},\"inLanguage\":\"fr-FR\",\"potentialAction\":[{\"@type\":\"ReadAction\",\"target\":[\"https:\/\/lapresencia-criollos.com\/fr\/impressum\/\"]}]},{\"@type\":\"BreadcrumbList\",\"@id\":\"https:\/\/lapresencia-criollos.com\/fr\/impressum\/#breadcrumb\",\"itemListElement\":[{\"@type\":\"ListItem\",\"position\":1,\"name\":\"Startseite\",\"item\":\"https:\/\/lapresencia-criollos.com\/fr\/\"},{\"@type\":\"ListItem\",\"position\":2,\"name\":\"Impressum\"}]},{\"@type\":\"WebSite\",\"@id\":\"https:\/\/lapresencia-criollos.com\/fr\/#website\",\"url\":\"https:\/\/lapresencia-criollos.com\/fr\/\",\"name\":\"La Presencia Criollos\",\"description\":\"Jasmin Brand Gest\u00fct und Criollo-Zucht, Pensionsst\u00e4lle\",\"publisher\":{\"@id\":\"https:\/\/lapresencia-criollos.com\/fr\/#organization\"},\"alternateName\":\"Gest\u00fct Jasmin Brand | Criollo Definitivo\",\"potentialAction\":[{\"@type\":\"SearchAction\",\"target\":{\"@type\":\"EntryPoint\",\"urlTemplate\":\"https:\/\/lapresencia-criollos.com\/fr\/?s={search_term_string}\"},\"query-input\":{\"@type\":\"PropertyValueSpecification\",\"valueRequired\":true,\"valueName\":\"search_term_string\"}}],\"inLanguage\":\"fr-FR\"},{\"@type\":\"Organization\",\"@id\":\"https:\/\/lapresencia-criollos.com\/fr\/#organization\",\"name\":\"La Presencia Criollos | Gest\u00fct Jasmin Brand\",\"alternateName\":\"Criollo-Zucht | Pensionsst\u00e4lle | Pferde-Pension im Spessart\",\"url\":\"https:\/\/lapresencia-criollos.com\/fr\/\",\"logo\":{\"@type\":\"ImageObject\",\"inLanguage\":\"fr-FR\",\"@id\":\"https:\/\/lapresencia-criollos.com\/fr\/#\/schema\/logo\/image\/\",\"url\":\"https:\/\/lapresencia-criollos.com\/wp-content\/uploads\/2023\/01\/FIN_JBrand_Logo2022-500.png\",\"contentUrl\":\"https:\/\/lapresencia-criollos.com\/wp-content\/uploads\/2023\/01\/FIN_JBrand_Logo2022-500.png\",\"width\":500,\"height\":396,\"caption\":\"La Presencia Criollos | Gest\u00fct Jasmin Brand\"},\"image\":{\"@id\":\"https:\/\/lapresencia-criollos.com\/fr\/#\/schema\/logo\/image\/\"},\"sameAs\":[\"https:\/\/www.facebook.com\/people\/Criollos-La-Presencia\/100063547422222\/\",\"https:\/\/instagram.com\/gaucholine82?igshid=YmMyMTA2M2Y=\"]}]}<\/script>\n<!-- \/ Yoast SEO plugin. -->","yoast_head_json":{"title":"Impressum | La Presencia Criollos","description":"Impressum de la page d'accueil de La Presencia Criollos, Haras | Pension & \u00c9levage, propri\u00e9taire Jasmin Brand, Allemagne \/ Bavi\u00e8re","robots":{"index":"index","follow":"follow","max-snippet":"max-snippet:-1","max-image-preview":"max-image-preview:large","max-video-preview":"max-video-preview:-1"},"canonical":"https:\/\/lapresencia-criollos.com\/fr\/impressum\/","og_locale":"fr_FR","og_type":"article","og_title":"Impressum | La Presencia Criollos","og_description":"Impressum de la page d'accueil de La Presencia Criollos, Haras | Pension & \u00c9levage, propri\u00e9taire Jasmin Brand, Allemagne \/ Bavi\u00e8re","og_url":"https:\/\/lapresencia-criollos.com\/fr\/impressum\/","og_site_name":"La Presencia Criollos","article_publisher":"https:\/\/www.facebook.com\/people\/Criollos-La-Presencia\/100063547422222\/","article_modified_time":"2024-08-29T08:59:54+00:00","og_image":[{"width":1716,"height":1144,"url":"https:\/\/lapresencia-criollos.com\/wp-content\/uploads\/2023\/01\/La-Princesa2.webp","type":"image\/webp"}],"twitter_card":"summary_large_image","twitter_misc":{"Dur\u00e9e de lecture estim\u00e9e":"2 minutes"},"schema":{"@context":"https:\/\/schema.org","@graph":[{"@type":"WebPage","@id":"https:\/\/lapresencia-criollos.com\/fr\/impressum\/","url":"https:\/\/lapresencia-criollos.com\/fr\/impressum\/","name":"Impressum | La Presencia Criollos","isPartOf":{"@id":"https:\/\/lapresencia-criollos.com\/fr\/#website"},"datePublished":"2023-05-04T13:57:14+00:00","dateModified":"2024-08-29T08:59:54+00:00","description":"Impressum de la page d'accueil de La Presencia Criollos, Haras | Pension & \u00c9levage, propri\u00e9taire Jasmin Brand, Allemagne \/ Bavi\u00e8re","breadcrumb":{"@id":"https:\/\/lapresencia-criollos.com\/fr\/impressum\/#breadcrumb"},"inLanguage":"fr-FR","potentialAction":[{"@type":"ReadAction","target":["https:\/\/lapresencia-criollos.com\/fr\/impressum\/"]}]},{"@type":"BreadcrumbList","@id":"https:\/\/lapresencia-criollos.com\/fr\/impressum\/#breadcrumb","itemListElement":[{"@type":"ListItem","position":1,"name":"Startseite","item":"https:\/\/lapresencia-criollos.com\/fr\/"},{"@type":"ListItem","position":2,"name":"Impressum"}]},{"@type":"WebSite","@id":"https:\/\/lapresencia-criollos.com\/fr\/#website","url":"https:\/\/lapresencia-criollos.com\/fr\/","name":"La Presencia Criollos","description":"Jasmin Brand Gest\u00fct und Criollo-Zucht, Pensionsst\u00e4lle","publisher":{"@id":"https:\/\/lapresencia-criollos.com\/fr\/#organization"},"alternateName":"Gest\u00fct Jasmin Brand | Criollo Definitivo","potentialAction":[{"@type":"SearchAction","target":{"@type":"EntryPoint","urlTemplate":"https:\/\/lapresencia-criollos.com\/fr\/?s={search_term_string}"},"query-input":{"@type":"PropertyValueSpecification","valueRequired":true,"valueName":"search_term_string"}}],"inLanguage":"fr-FR"},{"@type":"Organization","@id":"https:\/\/lapresencia-criollos.com\/fr\/#organization","name":"La Presencia Criollos | Gest\u00fct Jasmin Brand","alternateName":"Criollo-Zucht | Pensionsst\u00e4lle | Pferde-Pension im Spessart","url":"https:\/\/lapresencia-criollos.com\/fr\/","logo":{"@type":"ImageObject","inLanguage":"fr-FR","@id":"https:\/\/lapresencia-criollos.com\/fr\/#\/schema\/logo\/image\/","url":"https:\/\/lapresencia-criollos.com\/wp-content\/uploads\/2023\/01\/FIN_JBrand_Logo2022-500.png","contentUrl":"https:\/\/lapresencia-criollos.com\/wp-content\/uploads\/2023\/01\/FIN_JBrand_Logo2022-500.png","width":500,"height":396,"caption":"La Presencia Criollos | Gest\u00fct Jasmin Brand"},"image":{"@id":"https:\/\/lapresencia-criollos.com\/fr\/#\/schema\/logo\/image\/"},"sameAs":["https:\/\/www.facebook.com\/people\/Criollos-La-Presencia\/100063547422222\/","https:\/\/instagram.com\/gaucholine82?igshid=YmMyMTA2M2Y="]}]}},"_links":{"self":[{"href":"https:\/\/lapresencia-criollos.com\/fr\/wp-json\/wp\/v2\/pages\/8679","targetHints":{"allow":["GET"]}}],"collection":[{"href":"https:\/\/lapresencia-criollos.com\/fr\/wp-json\/wp\/v2\/pages"}],"about":[{"href":"https:\/\/lapresencia-criollos.com\/fr\/wp-json\/wp\/v2\/types\/page"}],"author":[{"embeddable":true,"href":"https:\/\/lapresencia-criollos.com\/fr\/wp-json\/wp\/v2\/users\/1"}],"replies":[{"embeddable":true,"href":"https:\/\/lapresencia-criollos.com\/fr\/wp-json\/wp\/v2\/comments?post=8679"}],"version-history":[{"count":3,"href":"https:\/\/lapresencia-criollos.com\/fr\/wp-json\/wp\/v2\/pages\/8679\/revisions"}],"predecessor-version":[{"id":8699,"href":"https:\/\/lapresencia-criollos.com\/fr\/wp-json\/wp\/v2\/pages\/8679\/revisions\/8699"}],"wp:attachment":[{"href":"https:\/\/lapresencia-criollos.com\/fr\/wp-json\/wp\/v2\/media?parent=8679"}],"curies":[{"name":"wp","href":"https:\/\/api.w.org\/{rel}","templated":true}]}}